{"id":1007,"date":"2020-07-31T09:13:26","date_gmt":"2020-07-31T12:13:26","guid":{"rendered":"http:\/\/www.gazetaitauna.com.br\/site\/?page_id=1007"},"modified":"2023-12-19T14:16:31","modified_gmt":"2023-12-19T17:16:31","slug":"fale-com-a-redacao","status":"publish","type":"page","link":"https:\/\/www.gazetaitauna.com.br\/site\/fale-com-a-redacao\/","title":{"rendered":"Fale com a Reda\u00e7\u00e3o"},"content":{"rendered":"\t\t<div data-elementor-type=\"wp-page\" data-elementor-id=\"1007\" class=\"elementor elementor-1007\">\n\t\t\t\t\t\t<section class=\"elementor-section elementor-top-section elementor-element elementor-element-c7c7bee elementor-section-boxed elementor-section-height-default elementor-section-height-default\" data-id=\"c7c7bee\" data-element_type=\"section\">\n\t\t\t\t\t\t<div class=\"elementor-container elementor-column-gap-default\">\n\t\t\t\t\t<div class=\"elementor-column elementor-col-100 elementor-top-column elementor-element elementor-element-86b97a4\" data-id=\"86b97a4\" data-element_type=\"column\">\n\t\t\t<div class=\"elementor-widget-wrap elementor-element-populated\">\n\t\t\t\t\t\t<div class=\"elementor-element elementor-element-b847604 elementor-widget elementor-widget-spacer\" data-id=\"b847604\" data-element_type=\"widget\" data-widget_type=\"spacer.default\">\n\t\t\t\t<div class=\"elementor-widget-container\">\n\t\t\t\t\t\t\t<div class=\"elementor-spacer\">\n\t\t\t<div class=\"elementor-spacer-inner\"><\/div>\n\t\t<\/div>\n\t\t\t\t\t\t<\/div>\n\t\t\t\t<\/div>\n\t\t\t\t<div class=\"elementor-element elementor-element-534fb9b elementor-widget elementor-widget-google_maps\" data-id=\"534fb9b\" data-element_type=\"widget\" data-widget_type=\"google_maps.default\">\n\t\t\t\t<div class=\"elementor-widget-container\">\n\t\t\t\t\t\t\t<div class=\"elementor-custom-embed\">\n\t\t\t<iframe loading=\"lazy\"\n\t\t\t\t\tsrc=\"https:\/\/maps.google.com\/maps?q=Av%20Doutor%20Miguel%20Augusto%2C%201514%20-%20Gra%C3%A7as%20-%20Ita%C3%BAna%2C%20MG%20-%20CEP%3A%2035681-147&#038;t=m&#038;z=15&#038;output=embed&#038;iwloc=near\"\n\t\t\t\t\ttitle=\"Av Doutor Miguel Augusto, 1514 - Gra\u00e7as - Ita\u00fana, MG - CEP: 35681-147\"\n\t\t\t\t\taria-label=\"Av Doutor Miguel Augusto, 1514 - Gra\u00e7as - Ita\u00fana, MG - CEP: 35681-147\"\n\t\t\t><\/iframe>\n\t\t<\/div>\n\t\t\t\t\t\t<\/div>\n\t\t\t\t<\/div>\n\t\t\t\t\t<\/div>\n\t\t<\/div>\n\t\t\t\t\t<\/div>\n\t\t<\/section>\n\t\t\t\t<section class=\"elementor-section elementor-top-section elementor-element elementor-element-5abb0d6 elementor-section-boxed elementor-section-height-default elementor-section-height-default\" data-id=\"5abb0d6\" data-element_type=\"section\">\n\t\t\t\t\t\t<div class=\"elementor-container elementor-column-gap-default\">\n\t\t\t\t\t<div class=\"elementor-column elementor-col-50 elementor-top-column elementor-element elementor-element-a71f660\" data-id=\"a71f660\" data-element_type=\"column\">\n\t\t\t<div class=\"elementor-widget-wrap elementor-element-populated\">\n\t\t\t\t\t\t<div class=\"elementor-element elementor-element-4ae11fb elementor-widget elementor-widget-wpforms\" data-id=\"4ae11fb\" data-element_type=\"widget\" data-widget_type=\"wpforms.default\">\n\t\t\t\t<div class=\"elementor-widget-container\">\n\t\t\t\t\t<div class=\"wpforms-container wpforms-container-full wpforms-render-modern\" id=\"wpforms-24406\"><form id=\"wpforms-form-24406\" class=\"wpforms-validate wpforms-form wpforms-ajax-form\" data-formid=\"24406\" method=\"post\" enctype=\"multipart\/form-data\" action=\"\/site\/wp-json\/wp\/v2\/pages\/1007\" data-token=\"d7dcf01f202949ee2b5c9ee9c8c5762c\" data-token-time=\"1776984420\"><noscript class=\"wpforms-error-noscript\">Ative o JavaScript no seu navegador para preencher este formul\u00e1rio.<\/noscript><div id=\"wpforms-error-noscript\" style=\"display: none;\">Ative o JavaScript no seu navegador para preencher este formul\u00e1rio.<\/div><div class=\"wpforms-field-container\"><div id=\"wpforms-24406-field_1-container\" class=\"wpforms-field wpforms-field-name\" data-field-id=\"1\"><fieldset><legend class=\"wpforms-field-label\">Nome <span class=\"wpforms-required-label\" aria-hidden=\"true\">*<\/span><\/legend><div class=\"wpforms-field-row wpforms-field-medium\"><div class=\"wpforms-field-row-block wpforms-first wpforms-one-half\"><input type=\"text\" id=\"wpforms-24406-field_1\" class=\"wpforms-field-name-first wpforms-field-required\" name=\"wpforms[fields][1][first]\" aria-errormessage=\"wpforms-24406-field_1-error\" required><label for=\"wpforms-24406-field_1\" class=\"wpforms-field-sublabel after\">Nome<\/label><\/div><div class=\"wpforms-field-row-block wpforms-one-half\"><input type=\"text\" id=\"wpforms-24406-field_1-last\" class=\"wpforms-field-name-last wpforms-field-required\" name=\"wpforms[fields][1][last]\" aria-errormessage=\"wpforms-24406-field_1-last-error\" required><label for=\"wpforms-24406-field_1-last\" class=\"wpforms-field-sublabel after\">Sobrenome<\/label><\/div><\/div><\/fieldset><\/div><div id=\"wpforms-24406-field_2-container\" class=\"wpforms-field wpforms-field-email\" data-field-id=\"2\"><label class=\"wpforms-field-label\" for=\"wpforms-24406-field_2\">E-mail <span class=\"wpforms-required-label\" aria-hidden=\"true\">*<\/span><\/label><input type=\"email\" id=\"wpforms-24406-field_2\" class=\"wpforms-field-medium wpforms-field-required\" name=\"wpforms[fields][2]\" spellcheck=\"false\" aria-errormessage=\"wpforms-24406-field_2-error\" required><\/div><div id=\"wpforms-24406-field_4-container\" class=\"wpforms-field wpforms-field-text\" data-field-id=\"4\"><label class=\"wpforms-field-label\" for=\"wpforms-24406-field_4\">Assunto<\/label><input type=\"text\" id=\"wpforms-24406-field_4\" class=\"wpforms-field-medium\" name=\"wpforms[fields][4]\" aria-errormessage=\"wpforms-24406-field_4-error\" ><\/div><div id=\"wpforms-24406-field_3-container\" class=\"wpforms-field wpforms-field-textarea\" data-field-id=\"3\"><label class=\"wpforms-field-label\" for=\"wpforms-24406-field_3\">Mensagem<\/label><textarea id=\"wpforms-24406-field_3\" class=\"wpforms-field-medium\" name=\"wpforms[fields][3]\" aria-errormessage=\"wpforms-24406-field_3-error\" ><\/textarea><\/div><\/div><!-- .wpforms-field-container --><div class=\"wpforms-recaptcha-container wpforms-is-hcaptcha\" ><div class=\"h-captcha\" data-sitekey=\"d4244580-f995-4da3-a697-13f658cbb9f6\"><\/div><input type=\"text\" name=\"g-recaptcha-hidden\" class=\"wpforms-recaptcha-hidden\" style=\"position:absolute!important;clip:rect(0,0,0,0)!important;height:1px!important;width:1px!important;border:0!important;overflow:hidden!important;padding:0!important;margin:0!important;\" data-rule-hcaptcha=\"1\"><\/div><div class=\"wpforms-submit-container\" ><input type=\"hidden\" name=\"wpforms[id]\" value=\"24406\"><input type=\"hidden\" name=\"page_title\" value=\"\"><input type=\"hidden\" name=\"page_url\" value=\"https:\/\/www.gazetaitauna.com.br\/site\/wp-json\/wp\/v2\/pages\/1007\"><input type=\"hidden\" name=\"url_referer\" value=\"\"><button type=\"submit\" name=\"wpforms[submit]\" id=\"wpforms-submit-24406\" class=\"wpforms-submit\" data-alt-text=\"Enviando\u2026\" data-submit-text=\"Enviar\" aria-live=\"assertive\" value=\"wpforms-submit\">Enviar<\/button><img decoding=\"async\" src=\"https:\/\/www.gazetaitauna.com.br\/site\/wp-content\/plugins\/wpforms-lite\/assets\/images\/submit-spin.svg\" class=\"wpforms-submit-spinner\" style=\"display: none;\" width=\"26\" height=\"26\" alt=\"Carregando\"><\/div><\/form><\/div>  <!-- .wpforms-container -->\t\t\t\t<\/div>\n\t\t\t\t<\/div>\n\t\t\t\t\t<\/div>\n\t\t<\/div>\n\t\t\t\t<div class=\"elementor-column elementor-col-50 elementor-top-column elementor-element elementor-element-a004cda\" data-id=\"a004cda\" data-element_type=\"column\">\n\t\t\t<div class=\"elementor-widget-wrap elementor-element-populated\">\n\t\t\t\t\t\t<div class=\"elementor-element elementor-element-3c0b699 elementor-widget elementor-widget-image\" data-id=\"3c0b699\" data-element_type=\"widget\" data-widget_type=\"image.default\">\n\t\t\t\t<div class=\"elementor-widget-container\">\n\t\t\t\t\t\t\t\t\t\t\t\t\t\t\t<img fetchpriority=\"high\" decoding=\"async\" width=\"640\" height=\"252\" src=\"https:\/\/www.gazetaitauna.com.br\/site\/wp-content\/uploads\/2020\/07\/gazeta-logo-1024x403.png\" class=\"attachment-large size-large wp-image-848\" alt=\"\" srcset=\"https:\/\/www.gazetaitauna.com.br\/site\/wp-content\/uploads\/2020\/07\/gazeta-logo-1024x403.png 1024w, https:\/\/www.gazetaitauna.com.br\/site\/wp-content\/uploads\/2020\/07\/gazeta-logo-300x118.png 300w, https:\/\/www.gazetaitauna.com.br\/site\/wp-content\/uploads\/2020\/07\/gazeta-logo-768x302.png 768w, https:\/\/www.gazetaitauna.com.br\/site\/wp-content\/uploads\/2020\/07\/gazeta-logo.png 1309w\" sizes=\"(max-width: 640px) 100vw, 640px\" \/>\t\t\t\t\t\t\t\t\t\t\t\t\t\t\t<\/div>\n\t\t\t\t<\/div>\n\t\t\t\t<div class=\"elementor-element elementor-element-7e8e759 elementor-widget elementor-widget-text-editor\" data-id=\"7e8e759\" data-element_type=\"widget\" data-widget_type=\"text-editor.default\">\n\t\t\t\t<div class=\"elementor-widget-container\">\n\t\t\t\t\t\t\t\t\t<p>Av. Dr. Miguel Augusto Gon\u00e7alves, 1514 &#8211; Gra\u00e7as, Ita\u00fana &#8211; MG, 35681-147<\/p><p><strong>Fone: (37) 9967-0160<\/strong><\/p>\t\t\t\t\t\t\t\t<\/div>\n\t\t\t\t<\/div>\n\t\t\t\t\t<\/div>\n\t\t<\/div>\n\t\t\t\t\t<\/div>\n\t\t<\/section>\n\t\t\t\t<section class=\"elementor-section elementor-top-section elementor-element elementor-element-eed4058 elementor-section-boxed elementor-section-height-default elementor-section-height-default\" data-id=\"eed4058\" data-element_type=\"section\">\n\t\t\t\t\t\t<div class=\"elementor-container elementor-column-gap-default\">\n\t\t\t\t\t<div class=\"elementor-column elementor-col-50 elementor-top-column elementor-element elementor-element-da4e39d\" data-id=\"da4e39d\" data-element_type=\"column\">\n\t\t\t<div class=\"elementor-widget-wrap\">\n\t\t\t\t\t\t\t<\/div>\n\t\t<\/div>\n\t\t\t\t<div class=\"elementor-column elementor-col-50 elementor-top-column elementor-element elementor-element-ac81e04\" data-id=\"ac81e04\" data-element_type=\"column\">\n\t\t\t<div class=\"elementor-widget-wrap\">\n\t\t\t\t\t\t\t<\/div>\n\t\t<\/div>\n\t\t\t\t\t<\/div>\n\t\t<\/section>\n\t\t\t\t<section class=\"elementor-section elementor-top-section elementor-element elementor-element-0ca2d8c elementor-section-boxed elementor-section-height-default elementor-section-height-default\" data-id=\"0ca2d8c\" data-element_type=\"section\">\n\t\t\t\t\t\t<div class=\"elementor-container elementor-column-gap-default\">\n\t\t\t\t\t<div class=\"elementor-column elementor-col-100 elementor-top-column elementor-element elementor-element-4cdc9ad\" data-id=\"4cdc9ad\" data-element_type=\"column\">\n\t\t\t<div class=\"elementor-widget-wrap elementor-element-populated\">\n\t\t\t\t\t\t<div class=\"elementor-element elementor-element-7a99a58 elementor-widget elementor-widget-spacer\" data-id=\"7a99a58\" data-element_type=\"widget\" data-widget_type=\"spacer.default\">\n\t\t\t\t<div class=\"elementor-widget-container\">\n\t\t\t\t\t\t\t<div class=\"elementor-spacer\">\n\t\t\t<div class=\"elementor-spacer-inner\"><\/div>\n\t\t<\/div>\n\t\t\t\t\t\t<\/div>\n\t\t\t\t<\/div>\n\t\t\t\t\t<\/div>\n\t\t<\/div>\n\t\t\t\t\t<\/div>\n\t\t<\/section>\n\t\t\t\t<\/div>\n\t\t","protected":false},"excerpt":{"rendered":"<p>Ative o JavaScript no seu navegador para preencher este formul\u00e1rio.Ative o JavaScript no seu navegador<\/p>\n","protected":false},"author":1,"featured_media":0,"parent":0,"menu_order":0,"comment_status":"closed","ping_status":"closed","template":"elementor_header_footer","meta":{"footnotes":""},"class_list":["post-1007","page","type-page","status-publish","hentry"],"yoast_head":"<!-- This site is optimized with the Yoast SEO plugin v27.2 - https:\/\/yoast.com\/product\/yoast-seo-wordpress\/ -->\n<title>Fale com a Reda\u00e7\u00e3o - Gazeta Ita\u00fana<\/title>\n<meta name=\"robots\" content=\"index, follow, max-snippet:-1, max-image-preview:large, max-video-preview:-1\" \/>\n<link rel=\"canonical\" href=\"https:\/\/www.gazetaitauna.com.br\/site\/fale-com-a-redacao\/\" \/>\n<meta property=\"og:locale\" content=\"pt_BR\" \/>\n<meta property=\"og:type\" content=\"article\" \/>\n<meta property=\"og:title\" content=\"Fale com a Reda\u00e7\u00e3o - Gazeta Ita\u00fana\" \/>\n<meta property=\"og:description\" content=\"Ative o JavaScript no seu navegador para preencher este formul\u00e1rio.Ative o JavaScript no seu navegador\" \/>\n<meta property=\"og:url\" content=\"https:\/\/www.gazetaitauna.com.br\/site\/fale-com-a-redacao\/\" \/>\n<meta property=\"og:site_name\" content=\"Gazeta Ita\u00fana\" \/>\n<meta property=\"article:publisher\" content=\"https:\/\/www.facebook.com\/gazetadeitauna\" \/>\n<meta property=\"article:modified_time\" content=\"2023-12-19T17:16:31+00:00\" \/>\n<meta property=\"og:image\" content=\"https:\/\/www.gazetaitauna.com.br\/site\/wp-content\/plugins\/wpforms-lite\/assets\/images\/submit-spin.svg\" \/>\n<meta name=\"twitter:card\" content=\"summary_large_image\" \/>\n<meta name=\"twitter:label1\" content=\"Est. tempo de leitura\" \/>\n\t<meta name=\"twitter:data1\" content=\"1 minuto\" \/>\n<script type=\"application\/ld+json\" class=\"yoast-schema-graph\">{\"@context\":\"https:\/\/schema.org\",\"@graph\":[{\"@type\":\"WebPage\",\"@id\":\"https:\/\/www.gazetaitauna.com.br\/site\/fale-com-a-redacao\/\",\"url\":\"https:\/\/www.gazetaitauna.com.br\/site\/fale-com-a-redacao\/\",\"name\":\"Fale com a Reda\u00e7\u00e3o - Gazeta Ita\u00fana\",\"isPartOf\":{\"@id\":\"https:\/\/www.gazetaitauna.com.br\/site\/#website\"},\"primaryImageOfPage\":{\"@id\":\"https:\/\/www.gazetaitauna.com.br\/site\/fale-com-a-redacao\/#primaryimage\"},\"image\":{\"@id\":\"https:\/\/www.gazetaitauna.com.br\/site\/fale-com-a-redacao\/#primaryimage\"},\"thumbnailUrl\":\"https:\/\/www.gazetaitauna.com.br\/site\/wp-content\/plugins\/wpforms-lite\/assets\/images\/submit-spin.svg\",\"datePublished\":\"2020-07-31T12:13:26+00:00\",\"dateModified\":\"2023-12-19T17:16:31+00:00\",\"breadcrumb\":{\"@id\":\"https:\/\/www.gazetaitauna.com.br\/site\/fale-com-a-redacao\/#breadcrumb\"},\"inLanguage\":\"pt-BR\",\"potentialAction\":[{\"@type\":\"ReadAction\",\"target\":[\"https:\/\/www.gazetaitauna.com.br\/site\/fale-com-a-redacao\/\"]}]},{\"@type\":\"ImageObject\",\"inLanguage\":\"pt-BR\",\"@id\":\"https:\/\/www.gazetaitauna.com.br\/site\/fale-com-a-redacao\/#primaryimage\",\"url\":\"https:\/\/www.gazetaitauna.com.br\/site\/wp-content\/plugins\/wpforms-lite\/assets\/images\/submit-spin.svg\",\"contentUrl\":\"https:\/\/www.gazetaitauna.com.br\/site\/wp-content\/plugins\/wpforms-lite\/assets\/images\/submit-spin.svg\"},{\"@type\":\"BreadcrumbList\",\"@id\":\"https:\/\/www.gazetaitauna.com.br\/site\/fale-com-a-redacao\/#breadcrumb\",\"itemListElement\":[{\"@type\":\"ListItem\",\"position\":1,\"name\":\"In\u00edcio\",\"item\":\"https:\/\/www.gazetaitauna.com.br\/site\/\"},{\"@type\":\"ListItem\",\"position\":2,\"name\":\"Fale com a Reda\u00e7\u00e3o\"}]},{\"@type\":\"WebSite\",\"@id\":\"https:\/\/www.gazetaitauna.com.br\/site\/#website\",\"url\":\"https:\/\/www.gazetaitauna.com.br\/site\/\",\"name\":\"Gazeta de Ita\u00fana\",\"description\":\"Jornal Ita\u00fana MG\",\"publisher\":{\"@id\":\"https:\/\/www.gazetaitauna.com.br\/site\/#organization\"},\"potentialAction\":[{\"@type\":\"SearchAction\",\"target\":{\"@type\":\"EntryPoint\",\"urlTemplate\":\"https:\/\/www.gazetaitauna.com.br\/site\/?s={search_term_string}\"},\"query-input\":{\"@type\":\"PropertyValueSpecification\",\"valueRequired\":true,\"valueName\":\"search_term_string\"}}],\"inLanguage\":\"pt-BR\"},{\"@type\":\"Organization\",\"@id\":\"https:\/\/www.gazetaitauna.com.br\/site\/#organization\",\"name\":\"Gazeta de Ita\u00fana\",\"url\":\"https:\/\/www.gazetaitauna.com.br\/site\/\",\"logo\":{\"@type\":\"ImageObject\",\"inLanguage\":\"pt-BR\",\"@id\":\"https:\/\/www.gazetaitauna.com.br\/site\/#\/schema\/logo\/image\/\",\"url\":\"https:\/\/www.gazetaitauna.com.br\/site\/wp-content\/uploads\/2020\/07\/gazeta-icone.png\",\"contentUrl\":\"https:\/\/www.gazetaitauna.com.br\/site\/wp-content\/uploads\/2020\/07\/gazeta-icone.png\",\"width\":592,\"height\":420,\"caption\":\"Gazeta de Ita\u00fana\"},\"image\":{\"@id\":\"https:\/\/www.gazetaitauna.com.br\/site\/#\/schema\/logo\/image\/\"},\"sameAs\":[\"https:\/\/www.facebook.com\/gazetadeitauna\",\"https:\/\/www.instagram.com\/gazetadeitauna\"]}]}<\/script>\n<!-- \/ Yoast SEO plugin. -->","yoast_head_json":{"title":"Fale com a Reda\u00e7\u00e3o - Gazeta Ita\u00fana","robots":{"index":"index","follow":"follow","max-snippet":"max-snippet:-1","max-image-preview":"max-image-preview:large","max-video-preview":"max-video-preview:-1"},"canonical":"https:\/\/www.gazetaitauna.com.br\/site\/fale-com-a-redacao\/","og_locale":"pt_BR","og_type":"article","og_title":"Fale com a Reda\u00e7\u00e3o - Gazeta Ita\u00fana","og_description":"Ative o JavaScript no seu navegador para preencher este formul\u00e1rio.Ative o JavaScript no seu navegador","og_url":"https:\/\/www.gazetaitauna.com.br\/site\/fale-com-a-redacao\/","og_site_name":"Gazeta Ita\u00fana","article_publisher":"https:\/\/www.facebook.com\/gazetadeitauna","article_modified_time":"2023-12-19T17:16:31+00:00","og_image":[{"url":"https:\/\/www.gazetaitauna.com.br\/site\/wp-content\/plugins\/wpforms-lite\/assets\/images\/submit-spin.svg","type":"","width":"","height":""}],"twitter_card":"summary_large_image","twitter_misc":{"Est. tempo de leitura":"1 minuto"},"schema":{"@context":"https:\/\/schema.org","@graph":[{"@type":"WebPage","@id":"https:\/\/www.gazetaitauna.com.br\/site\/fale-com-a-redacao\/","url":"https:\/\/www.gazetaitauna.com.br\/site\/fale-com-a-redacao\/","name":"Fale com a Reda\u00e7\u00e3o - Gazeta Ita\u00fana","isPartOf":{"@id":"https:\/\/www.gazetaitauna.com.br\/site\/#website"},"primaryImageOfPage":{"@id":"https:\/\/www.gazetaitauna.com.br\/site\/fale-com-a-redacao\/#primaryimage"},"image":{"@id":"https:\/\/www.gazetaitauna.com.br\/site\/fale-com-a-redacao\/#primaryimage"},"thumbnailUrl":"https:\/\/www.gazetaitauna.com.br\/site\/wp-content\/plugins\/wpforms-lite\/assets\/images\/submit-spin.svg","datePublished":"2020-07-31T12:13:26+00:00","dateModified":"2023-12-19T17:16:31+00:00","breadcrumb":{"@id":"https:\/\/www.gazetaitauna.com.br\/site\/fale-com-a-redacao\/#breadcrumb"},"inLanguage":"pt-BR","potentialAction":[{"@type":"ReadAction","target":["https:\/\/www.gazetaitauna.com.br\/site\/fale-com-a-redacao\/"]}]},{"@type":"ImageObject","inLanguage":"pt-BR","@id":"https:\/\/www.gazetaitauna.com.br\/site\/fale-com-a-redacao\/#primaryimage","url":"https:\/\/www.gazetaitauna.com.br\/site\/wp-content\/plugins\/wpforms-lite\/assets\/images\/submit-spin.svg","contentUrl":"https:\/\/www.gazetaitauna.com.br\/site\/wp-content\/plugins\/wpforms-lite\/assets\/images\/submit-spin.svg"},{"@type":"BreadcrumbList","@id":"https:\/\/www.gazetaitauna.com.br\/site\/fale-com-a-redacao\/#breadcrumb","itemListElement":[{"@type":"ListItem","position":1,"name":"In\u00edcio","item":"https:\/\/www.gazetaitauna.com.br\/site\/"},{"@type":"ListItem","position":2,"name":"Fale com a Reda\u00e7\u00e3o"}]},{"@type":"WebSite","@id":"https:\/\/www.gazetaitauna.com.br\/site\/#website","url":"https:\/\/www.gazetaitauna.com.br\/site\/","name":"Gazeta de Ita\u00fana","description":"Jornal Ita\u00fana MG","publisher":{"@id":"https:\/\/www.gazetaitauna.com.br\/site\/#organization"},"potentialAction":[{"@type":"SearchAction","target":{"@type":"EntryPoint","urlTemplate":"https:\/\/www.gazetaitauna.com.br\/site\/?s={search_term_string}"},"query-input":{"@type":"PropertyValueSpecification","valueRequired":true,"valueName":"search_term_string"}}],"inLanguage":"pt-BR"},{"@type":"Organization","@id":"https:\/\/www.gazetaitauna.com.br\/site\/#organization","name":"Gazeta de Ita\u00fana","url":"https:\/\/www.gazetaitauna.com.br\/site\/","logo":{"@type":"ImageObject","inLanguage":"pt-BR","@id":"https:\/\/www.gazetaitauna.com.br\/site\/#\/schema\/logo\/image\/","url":"https:\/\/www.gazetaitauna.com.br\/site\/wp-content\/uploads\/2020\/07\/gazeta-icone.png","contentUrl":"https:\/\/www.gazetaitauna.com.br\/site\/wp-content\/uploads\/2020\/07\/gazeta-icone.png","width":592,"height":420,"caption":"Gazeta de Ita\u00fana"},"image":{"@id":"https:\/\/www.gazetaitauna.com.br\/site\/#\/schema\/logo\/image\/"},"sameAs":["https:\/\/www.facebook.com\/gazetadeitauna","https:\/\/www.instagram.com\/gazetadeitauna"]}]}},"jetpack_sharing_enabled":true,"_links":{"self":[{"href":"https:\/\/www.gazetaitauna.com.br\/site\/wp-json\/wp\/v2\/pages\/1007","targetHints":{"allow":["GET"]}}],"collection":[{"href":"https:\/\/www.gazetaitauna.com.br\/site\/wp-json\/wp\/v2\/pages"}],"about":[{"href":"https:\/\/www.gazetaitauna.com.br\/site\/wp-json\/wp\/v2\/types\/page"}],"author":[{"embeddable":true,"href":"https:\/\/www.gazetaitauna.com.br\/site\/wp-json\/wp\/v2\/users\/1"}],"replies":[{"embeddable":true,"href":"https:\/\/www.gazetaitauna.com.br\/site\/wp-json\/wp\/v2\/comments?post=1007"}],"version-history":[{"count":18,"href":"https:\/\/www.gazetaitauna.com.br\/site\/wp-json\/wp\/v2\/pages\/1007\/revisions"}],"predecessor-version":[{"id":24412,"href":"https:\/\/www.gazetaitauna.com.br\/site\/wp-json\/wp\/v2\/pages\/1007\/revisions\/24412"}],"wp:attachment":[{"href":"https:\/\/www.gazetaitauna.com.br\/site\/wp-json\/wp\/v2\/media?parent=1007"}],"curies":[{"name":"wp","href":"https:\/\/api.w.org\/{rel}","templated":true}]}}